{"id":49050,"date":"2024-07-03T16:31:13","date_gmt":"2024-07-03T16:31:13","guid":{"rendered":"https:\/\/juneheart.studio\/product\/echoes-sf-the-sea-fringed-wall-banner\/"},"modified":"2024-07-03T16:37:38","modified_gmt":"2024-07-03T16:37:38","slug":"echoes-sf-the-sea-fringed-wall-banner","status":"publish","type":"product","link":"https:\/\/juneheart.studio\/pl\/produkt\/echoes-sf-the-sea-fringed-wall-banner\/","title":{"rendered":"Echoes Of The Sea &#8211; Proporczyk na \u015bcian\u0119 z fr\u0119dzlami"},"content":{"rendered":"<ul>\n<li>\u00a0<span class=\"fontstyle0\">Materia\u0142: wysokiej jako\u015bci tkanina<\/span>&nbsp;<\/li>\n<li>Wymiary: 25 x 18 cm, dzi\u0119ki kt\u00f3rym nawet najmniejsza przestrze\u0144 mo\u017ce sta\u0107 si\u0119 wielkim dzie\u0142em sztuki\n<p>&nbsp;<\/li>\n<li>\u0141atwy monta\u017c: prosz\u0119 bardzo! Haczyk, gwo\u017adzik, ta\u015bma \u2013 cokolwiek lubi Twoja \u015bciana!<\/li>\n<\/ul>\n","protected":false},"excerpt":{"rendered":"<p><span class=\"fontstyle0\">Doskonale sprawdzi si\u0119 jako centralny punkt w pomieszczeniu lub jako uzupe\u0142nienie istniej\u0105cych dekoracji. Je\u015bli szukasz prezentu dla kogo\u015b, kto ceni unikalne dodatki do wn\u0119trz, to w\u0142a\u015bnie go znalaz\u0142e\u015b! Spraw rado\u015b\u0107 bliskiej osobie albo po prostu zafunduj sobie odrobin\u0119 fr\u0119dzlatego luksusu<\/span><\/p>\n","protected":false},"featured_media":49041,"template":"","meta":[],"product_cat":[337],"product_tag":[381],"class_list":{"0":"post-49050","1":"product","2":"type-product","3":"status-publish","4":"has-post-thumbnail","6":"product_cat-collect-pl-2","7":"product_tag-banner-pl","10":"first","11":"instock","12":"sale","13":"shipping-taxable","14":"purchasable","15":"product-type-simple"},"bundled_by":[],"bundle_stock_status":"instock","bundle_stock_quantity":null,"bundle_virtual":false,"bundle_layout":"","bundle_add_to_cart_form_location":"","bundle_editable_in_cart":false,"bundle_sold_individually_context":"","bundle_item_grouping":"","bundle_min_size":"","bundle_max_size":"","bundle_price":[],"bundled_items":[],"bundle_sell_ids":[],"yoast_head":"<!-- This site is optimized with the Yoast SEO plugin v24.1 - https:\/\/yoast.com\/wordpress\/plugins\/seo\/ -->\n<title>Echoes Of The Sea - Proporczyk na \u015bcian\u0119 z fr\u0119dzlami - June Heart Studio<\/title>\n<meta name=\"robots\" content=\"index, follow, max-snippet:-1, max-image-preview:large, max-video-preview:-1\" \/>\n<link rel=\"canonical\" href=\"https:\/\/juneheart.studio\/pl\/produkt\/echoes-sf-the-sea-fringed-wall-banner\/\" \/>\n<meta property=\"og:locale\" content=\"pl_PL\" \/>\n<meta property=\"og:type\" content=\"article\" \/>\n<meta property=\"og:title\" content=\"Echoes Of The Sea - Proporczyk na \u015bcian\u0119 z fr\u0119dzlami - June Heart Studio\" \/>\n<meta property=\"og:description\" content=\"Doskonale sprawdzi si\u0119 jako centralny punkt w pomieszczeniu lub jako uzupe\u0142nienie istniej\u0105cych dekoracji. Je\u015bli szukasz prezentu dla kogo\u015b, kto ceni unikalne dodatki do wn\u0119trz, to w\u0142a\u015bnie go znalaz\u0142e\u015b! Spraw rado\u015b\u0107 bliskiej osobie albo po prostu zafunduj sobie odrobin\u0119 fr\u0119dzlatego luksusu\" \/>\n<meta property=\"og:url\" content=\"https:\/\/juneheart.studio\/pl\/produkt\/echoes-sf-the-sea-fringed-wall-banner\/\" \/>\n<meta property=\"og:site_name\" content=\"June Heart Studio\" \/>\n<meta property=\"article:modified_time\" content=\"2024-07-03T16:37:38+00:00\" \/>\n<meta property=\"og:image\" content=\"https:\/\/juneheart.studio\/wp-content\/uploads\/2024\/07\/JH-10-04-2.jpg\" \/>\n\t<meta property=\"og:image:width\" content=\"1440\" \/>\n\t<meta property=\"og:image:height\" content=\"1920\" \/>\n\t<meta property=\"og:image:type\" content=\"image\/jpeg\" \/>\n<meta name=\"twitter:card\" content=\"summary_large_image\" \/>\n<meta name=\"twitter:label1\" content=\"Szacowany czas czytania\" \/>\n\t<meta name=\"twitter:data1\" content=\"1 minuta\" \/>\n<script type=\"application\/ld+json\" class=\"yoast-schema-graph\">{\"@context\":\"https:\/\/schema.org\",\"@graph\":[{\"@type\":\"WebPage\",\"@id\":\"https:\/\/juneheart.studio\/pl\/produkt\/echoes-sf-the-sea-fringed-wall-banner\/\",\"url\":\"https:\/\/juneheart.studio\/pl\/produkt\/echoes-sf-the-sea-fringed-wall-banner\/\",\"name\":\"Echoes Of The Sea - Proporczyk na \u015bcian\u0119 z fr\u0119dzlami - June Heart Studio\",\"isPartOf\":{\"@id\":\"https:\/\/juneheart.studio\/pl\/#website\"},\"primaryImageOfPage\":{\"@id\":\"https:\/\/juneheart.studio\/pl\/produkt\/echoes-sf-the-sea-fringed-wall-banner\/#primaryimage\"},\"image\":{\"@id\":\"https:\/\/juneheart.studio\/pl\/produkt\/echoes-sf-the-sea-fringed-wall-banner\/#primaryimage\"},\"thumbnailUrl\":\"https:\/\/juneheart.studio\/wp-content\/uploads\/2024\/07\/JH-10-04-2.jpg\",\"datePublished\":\"2024-07-03T16:31:13+00:00\",\"dateModified\":\"2024-07-03T16:37:38+00:00\",\"breadcrumb\":{\"@id\":\"https:\/\/juneheart.studio\/pl\/produkt\/echoes-sf-the-sea-fringed-wall-banner\/#breadcrumb\"},\"inLanguage\":\"pl-PL\",\"potentialAction\":[{\"@type\":\"ReadAction\",\"target\":[\"https:\/\/juneheart.studio\/pl\/produkt\/echoes-sf-the-sea-fringed-wall-banner\/\"]}]},{\"@type\":\"ImageObject\",\"inLanguage\":\"pl-PL\",\"@id\":\"https:\/\/juneheart.studio\/pl\/produkt\/echoes-sf-the-sea-fringed-wall-banner\/#primaryimage\",\"url\":\"https:\/\/juneheart.studio\/wp-content\/uploads\/2024\/07\/JH-10-04-2.jpg\",\"contentUrl\":\"https:\/\/juneheart.studio\/wp-content\/uploads\/2024\/07\/JH-10-04-2.jpg\",\"width\":1440,\"height\":1920},{\"@type\":\"BreadcrumbList\",\"@id\":\"https:\/\/juneheart.studio\/pl\/produkt\/echoes-sf-the-sea-fringed-wall-banner\/#breadcrumb\",\"itemListElement\":[{\"@type\":\"ListItem\",\"position\":1,\"name\":\"Home\",\"item\":\"https:\/\/juneheart.studio\/pl\/\"},{\"@type\":\"ListItem\",\"position\":2,\"name\":\"Sklep\",\"item\":\"https:\/\/juneheart.studio\/pl\/sklep\/\"},{\"@type\":\"ListItem\",\"position\":3,\"name\":\"Echoes Of The Sea &#8211; Proporczyk na \u015bcian\u0119 z fr\u0119dzlami\"}]},{\"@type\":\"WebSite\",\"@id\":\"https:\/\/juneheart.studio\/pl\/#website\",\"url\":\"https:\/\/juneheart.studio\/pl\/\",\"name\":\"June Heart\",\"description\":\"Shop\",\"publisher\":{\"@id\":\"https:\/\/juneheart.studio\/pl\/#organization\"},\"alternateName\":\"June Heart\",\"potentialAction\":[{\"@type\":\"SearchAction\",\"target\":{\"@type\":\"EntryPoint\",\"urlTemplate\":\"https:\/\/juneheart.studio\/pl\/?s={search_term_string}\"},\"query-input\":{\"@type\":\"PropertyValueSpecification\",\"valueRequired\":true,\"valueName\":\"search_term_string\"}}],\"inLanguage\":\"pl-PL\"},{\"@type\":\"Organization\",\"@id\":\"https:\/\/juneheart.studio\/pl\/#organization\",\"name\":\"June Heart\",\"alternateName\":\"June Heart\",\"url\":\"https:\/\/juneheart.studio\/pl\/\",\"logo\":{\"@type\":\"ImageObject\",\"inLanguage\":\"pl-PL\",\"@id\":\"https:\/\/juneheart.studio\/pl\/#\/schema\/logo\/image\/\",\"url\":\"https:\/\/juneheart.studio\/wp-content\/uploads\/2024\/06\/cropped-jh-logo.png\",\"contentUrl\":\"https:\/\/juneheart.studio\/wp-content\/uploads\/2024\/06\/cropped-jh-logo.png\",\"width\":585,\"height\":135,\"caption\":\"June Heart\"},\"image\":{\"@id\":\"https:\/\/juneheart.studio\/pl\/#\/schema\/logo\/image\/\"}}]}<\/script>\n<!-- \/ Yoast SEO plugin. -->","yoast_head_json":{"title":"Echoes Of The Sea - Proporczyk na \u015bcian\u0119 z fr\u0119dzlami - June Heart Studio","robots":{"index":"index","follow":"follow","max-snippet":"max-snippet:-1","max-image-preview":"max-image-preview:large","max-video-preview":"max-video-preview:-1"},"canonical":"https:\/\/juneheart.studio\/pl\/produkt\/echoes-sf-the-sea-fringed-wall-banner\/","og_locale":"pl_PL","og_type":"article","og_title":"Echoes Of The Sea - Proporczyk na \u015bcian\u0119 z fr\u0119dzlami - June Heart Studio","og_description":"Doskonale sprawdzi si\u0119 jako centralny punkt w pomieszczeniu lub jako uzupe\u0142nienie istniej\u0105cych dekoracji. Je\u015bli szukasz prezentu dla kogo\u015b, kto ceni unikalne dodatki do wn\u0119trz, to w\u0142a\u015bnie go znalaz\u0142e\u015b! Spraw rado\u015b\u0107 bliskiej osobie albo po prostu zafunduj sobie odrobin\u0119 fr\u0119dzlatego luksusu","og_url":"https:\/\/juneheart.studio\/pl\/produkt\/echoes-sf-the-sea-fringed-wall-banner\/","og_site_name":"June Heart Studio","article_modified_time":"2024-07-03T16:37:38+00:00","og_image":[{"width":1440,"height":1920,"url":"https:\/\/juneheart.studio\/wp-content\/uploads\/2024\/07\/JH-10-04-2.jpg","type":"image\/jpeg"}],"twitter_card":"summary_large_image","twitter_misc":{"Szacowany czas czytania":"1 minuta"},"schema":{"@context":"https:\/\/schema.org","@graph":[{"@type":"WebPage","@id":"https:\/\/juneheart.studio\/pl\/produkt\/echoes-sf-the-sea-fringed-wall-banner\/","url":"https:\/\/juneheart.studio\/pl\/produkt\/echoes-sf-the-sea-fringed-wall-banner\/","name":"Echoes Of The Sea - Proporczyk na \u015bcian\u0119 z fr\u0119dzlami - June Heart Studio","isPartOf":{"@id":"https:\/\/juneheart.studio\/pl\/#website"},"primaryImageOfPage":{"@id":"https:\/\/juneheart.studio\/pl\/produkt\/echoes-sf-the-sea-fringed-wall-banner\/#primaryimage"},"image":{"@id":"https:\/\/juneheart.studio\/pl\/produkt\/echoes-sf-the-sea-fringed-wall-banner\/#primaryimage"},"thumbnailUrl":"https:\/\/juneheart.studio\/wp-content\/uploads\/2024\/07\/JH-10-04-2.jpg","datePublished":"2024-07-03T16:31:13+00:00","dateModified":"2024-07-03T16:37:38+00:00","breadcrumb":{"@id":"https:\/\/juneheart.studio\/pl\/produkt\/echoes-sf-the-sea-fringed-wall-banner\/#breadcrumb"},"inLanguage":"pl-PL","potentialAction":[{"@type":"ReadAction","target":["https:\/\/juneheart.studio\/pl\/produkt\/echoes-sf-the-sea-fringed-wall-banner\/"]}]},{"@type":"ImageObject","inLanguage":"pl-PL","@id":"https:\/\/juneheart.studio\/pl\/produkt\/echoes-sf-the-sea-fringed-wall-banner\/#primaryimage","url":"https:\/\/juneheart.studio\/wp-content\/uploads\/2024\/07\/JH-10-04-2.jpg","contentUrl":"https:\/\/juneheart.studio\/wp-content\/uploads\/2024\/07\/JH-10-04-2.jpg","width":1440,"height":1920},{"@type":"BreadcrumbList","@id":"https:\/\/juneheart.studio\/pl\/produkt\/echoes-sf-the-sea-fringed-wall-banner\/#breadcrumb","itemListElement":[{"@type":"ListItem","position":1,"name":"Home","item":"https:\/\/juneheart.studio\/pl\/"},{"@type":"ListItem","position":2,"name":"Sklep","item":"https:\/\/juneheart.studio\/pl\/sklep\/"},{"@type":"ListItem","position":3,"name":"Echoes Of The Sea &#8211; Proporczyk na \u015bcian\u0119 z fr\u0119dzlami"}]},{"@type":"WebSite","@id":"https:\/\/juneheart.studio\/pl\/#website","url":"https:\/\/juneheart.studio\/pl\/","name":"June Heart","description":"Shop","publisher":{"@id":"https:\/\/juneheart.studio\/pl\/#organization"},"alternateName":"June Heart","potentialAction":[{"@type":"SearchAction","target":{"@type":"EntryPoint","urlTemplate":"https:\/\/juneheart.studio\/pl\/?s={search_term_string}"},"query-input":{"@type":"PropertyValueSpecification","valueRequired":true,"valueName":"search_term_string"}}],"inLanguage":"pl-PL"},{"@type":"Organization","@id":"https:\/\/juneheart.studio\/pl\/#organization","name":"June Heart","alternateName":"June Heart","url":"https:\/\/juneheart.studio\/pl\/","logo":{"@type":"ImageObject","inLanguage":"pl-PL","@id":"https:\/\/juneheart.studio\/pl\/#\/schema\/logo\/image\/","url":"https:\/\/juneheart.studio\/wp-content\/uploads\/2024\/06\/cropped-jh-logo.png","contentUrl":"https:\/\/juneheart.studio\/wp-content\/uploads\/2024\/06\/cropped-jh-logo.png","width":585,"height":135,"caption":"June Heart"},"image":{"@id":"https:\/\/juneheart.studio\/pl\/#\/schema\/logo\/image\/"}}]}},"jetpack_sharing_enabled":true,"_links":{"self":[{"href":"https:\/\/juneheart.studio\/pl\/wp-json\/wp\/v2\/product\/49050","targetHints":{"allow":["GET"]}}],"collection":[{"href":"https:\/\/juneheart.studio\/pl\/wp-json\/wp\/v2\/product"}],"about":[{"href":"https:\/\/juneheart.studio\/pl\/wp-json\/wp\/v2\/types\/product"}],"version-history":[{"count":0,"href":"https:\/\/juneheart.studio\/pl\/wp-json\/wp\/v2\/product\/49050\/revisions"}],"wp:featuredmedia":[{"embeddable":true,"href":"https:\/\/juneheart.studio\/pl\/wp-json\/wp\/v2\/media\/49041"}],"wp:attachment":[{"href":"https:\/\/juneheart.studio\/pl\/wp-json\/wp\/v2\/media?parent=49050"}],"wp:term":[{"taxonomy":"product_cat","embeddable":true,"href":"https:\/\/juneheart.studio\/pl\/wp-json\/wp\/v2\/product_cat?post=49050"},{"taxonomy":"product_tag","embeddable":true,"href":"https:\/\/juneheart.studio\/pl\/wp-json\/wp\/v2\/product_tag?post=49050"}],"curies":[{"name":"wp","href":"https:\/\/api.w.org\/{rel}","templated":true}]}}