{"id":48274,"date":"2024-06-22T10:35:10","date_gmt":"2024-06-22T10:35:10","guid":{"rendered":"https:\/\/juneheart.studio\/product\/plakat-tribute-to-matisse-poster\/"},"modified":"2024-06-22T14:47:10","modified_gmt":"2024-06-22T14:47:10","slug":"plakat-tribute-to-matisse-poster","status":"publish","type":"product","link":"https:\/\/juneheart.studio\/pl\/produkt\/plakat-tribute-to-matisse-poster\/","title":{"rendered":"Tribute to Matisse \u2013 Plakat"},"content":{"rendered":"","protected":false},"excerpt":{"rendered":"<ul>\n<li>Druk pigmentowy<\/li>\n<li>Papier Canon Photo MAT o gramaturze 180 g\/m2<\/li>\n<li>Jako\u015b\u0107 600 dpi \/ 12 pigment\u00f3w<\/li>\n<li>Kolory mog\u0105 si\u0119 r\u00f3\u017cni\u0107, w zale\u017cno\u015bci od ustawie\u0144 monitora<\/li>\n<li>Plakaty wysy\u0142amy w twardej, tekturowej tubie.<\/li>\n<\/ul>\n<p>Plakaty sprzedajemy bez ram.<\/p>\n","protected":false},"featured_media":48616,"template":"","meta":[],"product_cat":[337],"product_tag":[372],"class_list":{"0":"post-48274","1":"product","2":"type-product","3":"status-publish","4":"has-post-thumbnail","6":"product_cat-collect-pl-2","7":"product_tag-poster-pl","10":"first","11":"instock","12":"sale","13":"shipping-taxable","14":"purchasable","15":"product-type-variable","16":"has-default-attributes"},"bundled_by":[],"bundle_stock_status":"instock","bundle_stock_quantity":null,"bundle_virtual":false,"bundle_layout":"","bundle_add_to_cart_form_location":"","bundle_editable_in_cart":false,"bundle_sold_individually_context":"","bundle_item_grouping":"","bundle_min_size":"","bundle_max_size":"","bundle_price":[],"bundled_items":[],"bundle_sell_ids":[],"yoast_head":"<!-- This site is optimized with the Yoast SEO plugin v24.1 - https:\/\/yoast.com\/wordpress\/plugins\/seo\/ -->\n<title>Tribute to Matisse \u2013 Plakat - June Heart Studio<\/title>\n<meta name=\"robots\" content=\"index, follow, max-snippet:-1, max-image-preview:large, max-video-preview:-1\" \/>\n<link rel=\"canonical\" href=\"https:\/\/juneheart.studio\/pl\/produkt\/plakat-tribute-to-matisse-poster\/\" \/>\n<meta property=\"og:locale\" content=\"pl_PL\" \/>\n<meta property=\"og:type\" content=\"article\" \/>\n<meta property=\"og:title\" content=\"Tribute to Matisse \u2013 Plakat - June Heart Studio\" \/>\n<meta property=\"og:description\" content=\"Druk pigmentowy  Papier Canon Photo MAT o gramaturze 180 g\/m2  Jako\u015b\u0107 600 dpi \/ 12 pigment\u00f3w  Kolory mog\u0105 si\u0119 r\u00f3\u017cni\u0107, w zale\u017cno\u015bci od ustawie\u0144 monitora  Plakaty wysy\u0142amy w twardej, tekturowej tubie.  Plakaty sprzedajemy bez ram.\" \/>\n<meta property=\"og:url\" content=\"https:\/\/juneheart.studio\/pl\/produkt\/plakat-tribute-to-matisse-poster\/\" \/>\n<meta property=\"og:site_name\" content=\"June Heart Studio\" \/>\n<meta property=\"article:modified_time\" content=\"2024-06-22T14:47:10+00:00\" \/>\n<meta property=\"og:image\" content=\"https:\/\/juneheart.studio\/wp-content\/uploads\/2024\/06\/JH-09-02-1.jpg\" \/>\n\t<meta property=\"og:image:width\" content=\"1703\" \/>\n\t<meta property=\"og:image:height\" content=\"2560\" \/>\n\t<meta property=\"og:image:type\" content=\"image\/jpeg\" \/>\n<meta name=\"twitter:card\" content=\"summary_large_image\" \/>\n<meta name=\"twitter:label1\" content=\"Szacowany czas czytania\" \/>\n\t<meta name=\"twitter:data1\" content=\"1 minuta\" \/>\n<script type=\"application\/ld+json\" class=\"yoast-schema-graph\">{\"@context\":\"https:\/\/schema.org\",\"@graph\":[{\"@type\":\"WebPage\",\"@id\":\"https:\/\/juneheart.studio\/pl\/produkt\/plakat-tribute-to-matisse-poster\/\",\"url\":\"https:\/\/juneheart.studio\/pl\/produkt\/plakat-tribute-to-matisse-poster\/\",\"name\":\"Tribute to Matisse \u2013 Plakat - June Heart Studio\",\"isPartOf\":{\"@id\":\"https:\/\/juneheart.studio\/pl\/#website\"},\"primaryImageOfPage\":{\"@id\":\"https:\/\/juneheart.studio\/pl\/produkt\/plakat-tribute-to-matisse-poster\/#primaryimage\"},\"image\":{\"@id\":\"https:\/\/juneheart.studio\/pl\/produkt\/plakat-tribute-to-matisse-poster\/#primaryimage\"},\"thumbnailUrl\":\"https:\/\/juneheart.studio\/wp-content\/uploads\/2024\/06\/JH-09-02-1.jpg\",\"datePublished\":\"2024-06-22T10:35:10+00:00\",\"dateModified\":\"2024-06-22T14:47:10+00:00\",\"breadcrumb\":{\"@id\":\"https:\/\/juneheart.studio\/pl\/produkt\/plakat-tribute-to-matisse-poster\/#breadcrumb\"},\"inLanguage\":\"pl-PL\",\"potentialAction\":[{\"@type\":\"ReadAction\",\"target\":[\"https:\/\/juneheart.studio\/pl\/produkt\/plakat-tribute-to-matisse-poster\/\"]}]},{\"@type\":\"ImageObject\",\"inLanguage\":\"pl-PL\",\"@id\":\"https:\/\/juneheart.studio\/pl\/produkt\/plakat-tribute-to-matisse-poster\/#primaryimage\",\"url\":\"https:\/\/juneheart.studio\/wp-content\/uploads\/2024\/06\/JH-09-02-1.jpg\",\"contentUrl\":\"https:\/\/juneheart.studio\/wp-content\/uploads\/2024\/06\/JH-09-02-1.jpg\",\"width\":1703,\"height\":2560},{\"@type\":\"BreadcrumbList\",\"@id\":\"https:\/\/juneheart.studio\/pl\/produkt\/plakat-tribute-to-matisse-poster\/#breadcrumb\",\"itemListElement\":[{\"@type\":\"ListItem\",\"position\":1,\"name\":\"Home\",\"item\":\"https:\/\/juneheart.studio\/pl\/\"},{\"@type\":\"ListItem\",\"position\":2,\"name\":\"Sklep\",\"item\":\"https:\/\/juneheart.studio\/pl\/sklep\/\"},{\"@type\":\"ListItem\",\"position\":3,\"name\":\"Tribute to Matisse \u2013 Plakat\"}]},{\"@type\":\"WebSite\",\"@id\":\"https:\/\/juneheart.studio\/pl\/#website\",\"url\":\"https:\/\/juneheart.studio\/pl\/\",\"name\":\"June Heart\",\"description\":\"Shop\",\"publisher\":{\"@id\":\"https:\/\/juneheart.studio\/pl\/#organization\"},\"alternateName\":\"June Heart\",\"potentialAction\":[{\"@type\":\"SearchAction\",\"target\":{\"@type\":\"EntryPoint\",\"urlTemplate\":\"https:\/\/juneheart.studio\/pl\/?s={search_term_string}\"},\"query-input\":{\"@type\":\"PropertyValueSpecification\",\"valueRequired\":true,\"valueName\":\"search_term_string\"}}],\"inLanguage\":\"pl-PL\"},{\"@type\":\"Organization\",\"@id\":\"https:\/\/juneheart.studio\/pl\/#organization\",\"name\":\"June Heart\",\"alternateName\":\"June Heart\",\"url\":\"https:\/\/juneheart.studio\/pl\/\",\"logo\":{\"@type\":\"ImageObject\",\"inLanguage\":\"pl-PL\",\"@id\":\"https:\/\/juneheart.studio\/pl\/#\/schema\/logo\/image\/\",\"url\":\"https:\/\/juneheart.studio\/wp-content\/uploads\/2024\/06\/cropped-jh-logo.png\",\"contentUrl\":\"https:\/\/juneheart.studio\/wp-content\/uploads\/2024\/06\/cropped-jh-logo.png\",\"width\":585,\"height\":135,\"caption\":\"June Heart\"},\"image\":{\"@id\":\"https:\/\/juneheart.studio\/pl\/#\/schema\/logo\/image\/\"}}]}<\/script>\n<!-- \/ Yoast SEO plugin. -->","yoast_head_json":{"title":"Tribute to Matisse \u2013 Plakat - June Heart Studio","robots":{"index":"index","follow":"follow","max-snippet":"max-snippet:-1","max-image-preview":"max-image-preview:large","max-video-preview":"max-video-preview:-1"},"canonical":"https:\/\/juneheart.studio\/pl\/produkt\/plakat-tribute-to-matisse-poster\/","og_locale":"pl_PL","og_type":"article","og_title":"Tribute to Matisse \u2013 Plakat - June Heart Studio","og_description":"Druk pigmentowy  Papier Canon Photo MAT o gramaturze 180 g\/m2  Jako\u015b\u0107 600 dpi \/ 12 pigment\u00f3w  Kolory mog\u0105 si\u0119 r\u00f3\u017cni\u0107, w zale\u017cno\u015bci od ustawie\u0144 monitora  Plakaty wysy\u0142amy w twardej, tekturowej tubie.  Plakaty sprzedajemy bez ram.","og_url":"https:\/\/juneheart.studio\/pl\/produkt\/plakat-tribute-to-matisse-poster\/","og_site_name":"June Heart Studio","article_modified_time":"2024-06-22T14:47:10+00:00","og_image":[{"width":1703,"height":2560,"url":"https:\/\/juneheart.studio\/wp-content\/uploads\/2024\/06\/JH-09-02-1.jpg","type":"image\/jpeg"}],"twitter_card":"summary_large_image","twitter_misc":{"Szacowany czas czytania":"1 minuta"},"schema":{"@context":"https:\/\/schema.org","@graph":[{"@type":"WebPage","@id":"https:\/\/juneheart.studio\/pl\/produkt\/plakat-tribute-to-matisse-poster\/","url":"https:\/\/juneheart.studio\/pl\/produkt\/plakat-tribute-to-matisse-poster\/","name":"Tribute to Matisse \u2013 Plakat - June Heart Studio","isPartOf":{"@id":"https:\/\/juneheart.studio\/pl\/#website"},"primaryImageOfPage":{"@id":"https:\/\/juneheart.studio\/pl\/produkt\/plakat-tribute-to-matisse-poster\/#primaryimage"},"image":{"@id":"https:\/\/juneheart.studio\/pl\/produkt\/plakat-tribute-to-matisse-poster\/#primaryimage"},"thumbnailUrl":"https:\/\/juneheart.studio\/wp-content\/uploads\/2024\/06\/JH-09-02-1.jpg","datePublished":"2024-06-22T10:35:10+00:00","dateModified":"2024-06-22T14:47:10+00:00","breadcrumb":{"@id":"https:\/\/juneheart.studio\/pl\/produkt\/plakat-tribute-to-matisse-poster\/#breadcrumb"},"inLanguage":"pl-PL","potentialAction":[{"@type":"ReadAction","target":["https:\/\/juneheart.studio\/pl\/produkt\/plakat-tribute-to-matisse-poster\/"]}]},{"@type":"ImageObject","inLanguage":"pl-PL","@id":"https:\/\/juneheart.studio\/pl\/produkt\/plakat-tribute-to-matisse-poster\/#primaryimage","url":"https:\/\/juneheart.studio\/wp-content\/uploads\/2024\/06\/JH-09-02-1.jpg","contentUrl":"https:\/\/juneheart.studio\/wp-content\/uploads\/2024\/06\/JH-09-02-1.jpg","width":1703,"height":2560},{"@type":"BreadcrumbList","@id":"https:\/\/juneheart.studio\/pl\/produkt\/plakat-tribute-to-matisse-poster\/#breadcrumb","itemListElement":[{"@type":"ListItem","position":1,"name":"Home","item":"https:\/\/juneheart.studio\/pl\/"},{"@type":"ListItem","position":2,"name":"Sklep","item":"https:\/\/juneheart.studio\/pl\/sklep\/"},{"@type":"ListItem","position":3,"name":"Tribute to Matisse \u2013 Plakat"}]},{"@type":"WebSite","@id":"https:\/\/juneheart.studio\/pl\/#website","url":"https:\/\/juneheart.studio\/pl\/","name":"June Heart","description":"Shop","publisher":{"@id":"https:\/\/juneheart.studio\/pl\/#organization"},"alternateName":"June Heart","potentialAction":[{"@type":"SearchAction","target":{"@type":"EntryPoint","urlTemplate":"https:\/\/juneheart.studio\/pl\/?s={search_term_string}"},"query-input":{"@type":"PropertyValueSpecification","valueRequired":true,"valueName":"search_term_string"}}],"inLanguage":"pl-PL"},{"@type":"Organization","@id":"https:\/\/juneheart.studio\/pl\/#organization","name":"June Heart","alternateName":"June Heart","url":"https:\/\/juneheart.studio\/pl\/","logo":{"@type":"ImageObject","inLanguage":"pl-PL","@id":"https:\/\/juneheart.studio\/pl\/#\/schema\/logo\/image\/","url":"https:\/\/juneheart.studio\/wp-content\/uploads\/2024\/06\/cropped-jh-logo.png","contentUrl":"https:\/\/juneheart.studio\/wp-content\/uploads\/2024\/06\/cropped-jh-logo.png","width":585,"height":135,"caption":"June Heart"},"image":{"@id":"https:\/\/juneheart.studio\/pl\/#\/schema\/logo\/image\/"}}]}},"jetpack_sharing_enabled":true,"_links":{"self":[{"href":"https:\/\/juneheart.studio\/pl\/wp-json\/wp\/v2\/product\/48274","targetHints":{"allow":["GET"]}}],"collection":[{"href":"https:\/\/juneheart.studio\/pl\/wp-json\/wp\/v2\/product"}],"about":[{"href":"https:\/\/juneheart.studio\/pl\/wp-json\/wp\/v2\/types\/product"}],"version-history":[{"count":0,"href":"https:\/\/juneheart.studio\/pl\/wp-json\/wp\/v2\/product\/48274\/revisions"}],"wp:featuredmedia":[{"embeddable":true,"href":"https:\/\/juneheart.studio\/pl\/wp-json\/wp\/v2\/media\/48616"}],"wp:attachment":[{"href":"https:\/\/juneheart.studio\/pl\/wp-json\/wp\/v2\/media?parent=48274"}],"wp:term":[{"taxonomy":"product_cat","embeddable":true,"href":"https:\/\/juneheart.studio\/pl\/wp-json\/wp\/v2\/product_cat?post=48274"},{"taxonomy":"product_tag","embeddable":true,"href":"https:\/\/juneheart.studio\/pl\/wp-json\/wp\/v2\/product_tag?post=48274"}],"curies":[{"name":"wp","href":"https:\/\/api.w.org\/{rel}","templated":true}]}}