{"id":47525,"date":"2024-06-10T15:29:08","date_gmt":"2024-06-10T15:29:08","guid":{"rendered":"https:\/\/juneheart.studio\/product\/wall-art-skateboard\/"},"modified":"2025-02-13T07:38:43","modified_gmt":"2025-02-13T07:38:43","slug":"wall-art-skateboard","status":"publish","type":"product","link":"https:\/\/juneheart.studio\/pl\/produkt\/wall-art-skateboard\/","title":{"rendered":"Wall Art Skateboard"},"content":{"rendered":"<p>Rozmiar:<br \/>\n* 32 cale d\u0142ugo\u015bci<br \/>\n* 9 cali szeroko\u015bci, mocno zw\u0119\u017cony, pasuje do trak\u00f3w 8,5 &#8211; 8-7,5 cala<\/p>\n<p>Zawarto\u015b\u0107:<br \/>\n* deck do deskorolki z 7 warstw klonu kanadyjskiego<br \/>\n*\u00a0 wydrukowany w 3d uchwyt na \u015bciane lub grip tape (wybierz jako wariant produktu)<\/p>\n","protected":false},"excerpt":{"rendered":"<p>Dekoracja \u015bcienna lub w pe\u0142ni funkcjonalny deck do Twojej deskorolki. Kszta\u0142t deski przypomina pi\u0142k\u0119 do footballu amerykajskiego (football shape) &#8211; mocno zw\u0119\u017cony nose i tail. Footballs shape kojarzy si\u0119 z okresem w skateboardingu, kiedy spodnie by\u0142y bardzo szerokie, a k\u00f3\u0142ka bardzo ma\u0142e. Deska w tym kszta\u0142cie to podr\u00f3\u017c do wczesnych lat 90.<\/p>\n","protected":false},"featured_media":49200,"template":"","meta":[],"product_cat":[337],"product_tag":[378],"class_list":{"0":"post-47525","1":"product","2":"type-product","3":"status-publish","4":"has-post-thumbnail","6":"product_cat-collect-pl-2","7":"product_tag-skateboard-deck-pl","8":"product_shipping_class-skateboard-pl","11":"first","12":"instock","13":"shipping-taxable","14":"purchasable","15":"product-type-variable","16":"has-default-attributes"},"bundled_by":[],"bundle_stock_status":"instock","bundle_stock_quantity":5,"bundle_virtual":false,"bundle_layout":"","bundle_add_to_cart_form_location":"","bundle_editable_in_cart":false,"bundle_sold_individually_context":"","bundle_item_grouping":"","bundle_min_size":"","bundle_max_size":"","bundle_price":[],"bundled_items":[],"bundle_sell_ids":[],"yoast_head":"<!-- This site is optimized with the Yoast SEO plugin v24.1 - https:\/\/yoast.com\/wordpress\/plugins\/seo\/ -->\n<title>Wall Art Skateboard - June Heart Studio<\/title>\n<meta name=\"robots\" content=\"index, follow, max-snippet:-1, max-image-preview:large, max-video-preview:-1\" \/>\n<link rel=\"canonical\" href=\"https:\/\/juneheart.studio\/pl\/produkt\/wall-art-skateboard\/\" \/>\n<meta property=\"og:locale\" content=\"pl_PL\" \/>\n<meta property=\"og:type\" content=\"article\" \/>\n<meta property=\"og:title\" content=\"Wall Art Skateboard - June Heart Studio\" \/>\n<meta property=\"og:description\" content=\"Dekoracja \u015bcienna lub w pe\u0142ni funkcjonalny deck do Twojej deskorolki. Kszta\u0142t deski przypomina pi\u0142k\u0119 do footballu amerykajskiego (football shape) - mocno zw\u0119\u017cony nose i tail. Footballs shape kojarzy si\u0119 z okresem w skateboardingu, kiedy spodnie by\u0142y bardzo szerokie, a k\u00f3\u0142ka bardzo ma\u0142e. Deska w tym kszta\u0142cie to podr\u00f3\u017c do wczesnych lat 90.\" \/>\n<meta property=\"og:url\" content=\"https:\/\/juneheart.studio\/pl\/produkt\/wall-art-skateboard\/\" \/>\n<meta property=\"og:site_name\" content=\"June Heart Studio\" \/>\n<meta property=\"article:modified_time\" content=\"2025-02-13T07:38:43+00:00\" \/>\n<meta property=\"og:image\" content=\"https:\/\/juneheart.studio\/wp-content\/uploads\/2024\/07\/1s.jpg\" \/>\n\t<meta property=\"og:image:width\" content=\"1920\" \/>\n\t<meta property=\"og:image:height\" content=\"2560\" \/>\n\t<meta property=\"og:image:type\" content=\"image\/jpeg\" \/>\n<meta name=\"twitter:card\" content=\"summary_large_image\" \/>\n<meta name=\"twitter:label1\" content=\"Szacowany czas czytania\" \/>\n\t<meta name=\"twitter:data1\" content=\"1 minuta\" \/>\n<script type=\"application\/ld+json\" class=\"yoast-schema-graph\">{\"@context\":\"https:\/\/schema.org\",\"@graph\":[{\"@type\":\"WebPage\",\"@id\":\"https:\/\/juneheart.studio\/pl\/produkt\/wall-art-skateboard\/\",\"url\":\"https:\/\/juneheart.studio\/pl\/produkt\/wall-art-skateboard\/\",\"name\":\"Wall Art Skateboard - June Heart Studio\",\"isPartOf\":{\"@id\":\"https:\/\/juneheart.studio\/pl\/#website\"},\"primaryImageOfPage\":{\"@id\":\"https:\/\/juneheart.studio\/pl\/produkt\/wall-art-skateboard\/#primaryimage\"},\"image\":{\"@id\":\"https:\/\/juneheart.studio\/pl\/produkt\/wall-art-skateboard\/#primaryimage\"},\"thumbnailUrl\":\"https:\/\/juneheart.studio\/wp-content\/uploads\/2024\/07\/1s.jpg\",\"datePublished\":\"2024-06-10T15:29:08+00:00\",\"dateModified\":\"2025-02-13T07:38:43+00:00\",\"breadcrumb\":{\"@id\":\"https:\/\/juneheart.studio\/pl\/produkt\/wall-art-skateboard\/#breadcrumb\"},\"inLanguage\":\"pl-PL\",\"potentialAction\":[{\"@type\":\"ReadAction\",\"target\":[\"https:\/\/juneheart.studio\/pl\/produkt\/wall-art-skateboard\/\"]}]},{\"@type\":\"ImageObject\",\"inLanguage\":\"pl-PL\",\"@id\":\"https:\/\/juneheart.studio\/pl\/produkt\/wall-art-skateboard\/#primaryimage\",\"url\":\"https:\/\/juneheart.studio\/wp-content\/uploads\/2024\/07\/1s.jpg\",\"contentUrl\":\"https:\/\/juneheart.studio\/wp-content\/uploads\/2024\/07\/1s.jpg\",\"width\":1920,\"height\":2560},{\"@type\":\"BreadcrumbList\",\"@id\":\"https:\/\/juneheart.studio\/pl\/produkt\/wall-art-skateboard\/#breadcrumb\",\"itemListElement\":[{\"@type\":\"ListItem\",\"position\":1,\"name\":\"Home\",\"item\":\"https:\/\/juneheart.studio\/pl\/\"},{\"@type\":\"ListItem\",\"position\":2,\"name\":\"Sklep\",\"item\":\"https:\/\/juneheart.studio\/pl\/sklep\/\"},{\"@type\":\"ListItem\",\"position\":3,\"name\":\"Wall Art Skateboard\"}]},{\"@type\":\"WebSite\",\"@id\":\"https:\/\/juneheart.studio\/pl\/#website\",\"url\":\"https:\/\/juneheart.studio\/pl\/\",\"name\":\"June Heart\",\"description\":\"Shop\",\"publisher\":{\"@id\":\"https:\/\/juneheart.studio\/pl\/#organization\"},\"alternateName\":\"June Heart\",\"potentialAction\":[{\"@type\":\"SearchAction\",\"target\":{\"@type\":\"EntryPoint\",\"urlTemplate\":\"https:\/\/juneheart.studio\/pl\/?s={search_term_string}\"},\"query-input\":{\"@type\":\"PropertyValueSpecification\",\"valueRequired\":true,\"valueName\":\"search_term_string\"}}],\"inLanguage\":\"pl-PL\"},{\"@type\":\"Organization\",\"@id\":\"https:\/\/juneheart.studio\/pl\/#organization\",\"name\":\"June Heart\",\"alternateName\":\"June Heart\",\"url\":\"https:\/\/juneheart.studio\/pl\/\",\"logo\":{\"@type\":\"ImageObject\",\"inLanguage\":\"pl-PL\",\"@id\":\"https:\/\/juneheart.studio\/pl\/#\/schema\/logo\/image\/\",\"url\":\"https:\/\/juneheart.studio\/wp-content\/uploads\/2024\/06\/cropped-jh-logo.png\",\"contentUrl\":\"https:\/\/juneheart.studio\/wp-content\/uploads\/2024\/06\/cropped-jh-logo.png\",\"width\":585,\"height\":135,\"caption\":\"June Heart\"},\"image\":{\"@id\":\"https:\/\/juneheart.studio\/pl\/#\/schema\/logo\/image\/\"}}]}<\/script>\n<!-- \/ Yoast SEO plugin. -->","yoast_head_json":{"title":"Wall Art Skateboard - June Heart Studio","robots":{"index":"index","follow":"follow","max-snippet":"max-snippet:-1","max-image-preview":"max-image-preview:large","max-video-preview":"max-video-preview:-1"},"canonical":"https:\/\/juneheart.studio\/pl\/produkt\/wall-art-skateboard\/","og_locale":"pl_PL","og_type":"article","og_title":"Wall Art Skateboard - June Heart Studio","og_description":"Dekoracja \u015bcienna lub w pe\u0142ni funkcjonalny deck do Twojej deskorolki. Kszta\u0142t deski przypomina pi\u0142k\u0119 do footballu amerykajskiego (football shape) - mocno zw\u0119\u017cony nose i tail. Footballs shape kojarzy si\u0119 z okresem w skateboardingu, kiedy spodnie by\u0142y bardzo szerokie, a k\u00f3\u0142ka bardzo ma\u0142e. Deska w tym kszta\u0142cie to podr\u00f3\u017c do wczesnych lat 90.","og_url":"https:\/\/juneheart.studio\/pl\/produkt\/wall-art-skateboard\/","og_site_name":"June Heart Studio","article_modified_time":"2025-02-13T07:38:43+00:00","og_image":[{"width":1920,"height":2560,"url":"https:\/\/juneheart.studio\/wp-content\/uploads\/2024\/07\/1s.jpg","type":"image\/jpeg"}],"twitter_card":"summary_large_image","twitter_misc":{"Szacowany czas czytania":"1 minuta"},"schema":{"@context":"https:\/\/schema.org","@graph":[{"@type":"WebPage","@id":"https:\/\/juneheart.studio\/pl\/produkt\/wall-art-skateboard\/","url":"https:\/\/juneheart.studio\/pl\/produkt\/wall-art-skateboard\/","name":"Wall Art Skateboard - June Heart Studio","isPartOf":{"@id":"https:\/\/juneheart.studio\/pl\/#website"},"primaryImageOfPage":{"@id":"https:\/\/juneheart.studio\/pl\/produkt\/wall-art-skateboard\/#primaryimage"},"image":{"@id":"https:\/\/juneheart.studio\/pl\/produkt\/wall-art-skateboard\/#primaryimage"},"thumbnailUrl":"https:\/\/juneheart.studio\/wp-content\/uploads\/2024\/07\/1s.jpg","datePublished":"2024-06-10T15:29:08+00:00","dateModified":"2025-02-13T07:38:43+00:00","breadcrumb":{"@id":"https:\/\/juneheart.studio\/pl\/produkt\/wall-art-skateboard\/#breadcrumb"},"inLanguage":"pl-PL","potentialAction":[{"@type":"ReadAction","target":["https:\/\/juneheart.studio\/pl\/produkt\/wall-art-skateboard\/"]}]},{"@type":"ImageObject","inLanguage":"pl-PL","@id":"https:\/\/juneheart.studio\/pl\/produkt\/wall-art-skateboard\/#primaryimage","url":"https:\/\/juneheart.studio\/wp-content\/uploads\/2024\/07\/1s.jpg","contentUrl":"https:\/\/juneheart.studio\/wp-content\/uploads\/2024\/07\/1s.jpg","width":1920,"height":2560},{"@type":"BreadcrumbList","@id":"https:\/\/juneheart.studio\/pl\/produkt\/wall-art-skateboard\/#breadcrumb","itemListElement":[{"@type":"ListItem","position":1,"name":"Home","item":"https:\/\/juneheart.studio\/pl\/"},{"@type":"ListItem","position":2,"name":"Sklep","item":"https:\/\/juneheart.studio\/pl\/sklep\/"},{"@type":"ListItem","position":3,"name":"Wall Art Skateboard"}]},{"@type":"WebSite","@id":"https:\/\/juneheart.studio\/pl\/#website","url":"https:\/\/juneheart.studio\/pl\/","name":"June Heart","description":"Shop","publisher":{"@id":"https:\/\/juneheart.studio\/pl\/#organization"},"alternateName":"June Heart","potentialAction":[{"@type":"SearchAction","target":{"@type":"EntryPoint","urlTemplate":"https:\/\/juneheart.studio\/pl\/?s={search_term_string}"},"query-input":{"@type":"PropertyValueSpecification","valueRequired":true,"valueName":"search_term_string"}}],"inLanguage":"pl-PL"},{"@type":"Organization","@id":"https:\/\/juneheart.studio\/pl\/#organization","name":"June Heart","alternateName":"June Heart","url":"https:\/\/juneheart.studio\/pl\/","logo":{"@type":"ImageObject","inLanguage":"pl-PL","@id":"https:\/\/juneheart.studio\/pl\/#\/schema\/logo\/image\/","url":"https:\/\/juneheart.studio\/wp-content\/uploads\/2024\/06\/cropped-jh-logo.png","contentUrl":"https:\/\/juneheart.studio\/wp-content\/uploads\/2024\/06\/cropped-jh-logo.png","width":585,"height":135,"caption":"June Heart"},"image":{"@id":"https:\/\/juneheart.studio\/pl\/#\/schema\/logo\/image\/"}}]}},"jetpack_sharing_enabled":true,"_links":{"self":[{"href":"https:\/\/juneheart.studio\/pl\/wp-json\/wp\/v2\/product\/47525","targetHints":{"allow":["GET"]}}],"collection":[{"href":"https:\/\/juneheart.studio\/pl\/wp-json\/wp\/v2\/product"}],"about":[{"href":"https:\/\/juneheart.studio\/pl\/wp-json\/wp\/v2\/types\/product"}],"version-history":[{"count":0,"href":"https:\/\/juneheart.studio\/pl\/wp-json\/wp\/v2\/product\/47525\/revisions"}],"wp:featuredmedia":[{"embeddable":true,"href":"https:\/\/juneheart.studio\/pl\/wp-json\/wp\/v2\/media\/49200"}],"wp:attachment":[{"href":"https:\/\/juneheart.studio\/pl\/wp-json\/wp\/v2\/media?parent=47525"}],"wp:term":[{"taxonomy":"product_cat","embeddable":true,"href":"https:\/\/juneheart.studio\/pl\/wp-json\/wp\/v2\/product_cat?post=47525"},{"taxonomy":"product_tag","embeddable":true,"href":"https:\/\/juneheart.studio\/pl\/wp-json\/wp\/v2\/product_tag?post=47525"}],"curies":[{"name":"wp","href":"https:\/\/api.w.org\/{rel}","templated":true}]}}