{"id":46946,"date":"2024-05-26T19:03:32","date_gmt":"2024-05-26T19:03:32","guid":{"rendered":"https:\/\/juneheart.studio\/product\/perpetua-tote-bag\/"},"modified":"2025-11-17T16:40:03","modified_gmt":"2025-11-17T16:40:03","slug":"perpetua-tote-bag","status":"publish","type":"product","link":"https:\/\/juneheart.studio\/pl\/produkt\/perpetua-tote-bag\/","title":{"rendered":"Perpetua &#8211; tote torba"},"content":{"rendered":"<p><span class=\"fontstyle0\">\u2022 Materia\u0142: <\/span><span class=\"fontstyle2\">100% bawe\u0142na &#8211; Panama, certyfikat Oeko-Tex, bez \u015brodk\u00f3w chemicznych<\/span><\/p>\n<p><span class=\"fontstyle2\">i z nadrukiem z nietoksycznym tuszem &#8211; bez ftalan\u00f3w i pierwiastk\u00f3w azowych..<\/span><\/p>\n<p><span class=\"fontstyle0\">\u2022 Etycznie uszyte w Polsce<\/span><\/p>\n<p><span class=\"fontstyle0\">\u2022 Piel\u0119gnacja: <\/span><span class=\"fontstyle2\">zalecamy pranie torby r\u0119cznie przy u\u017cyciu delikatnego detergentu <\/span><span class=\"fontstyle2\">i powieszenie lub u\u0142o\u017cenie na p\u0142asko do wyschni\u0119cia, aby jak najlepiej zachowa\u0107 <\/span><span class=\"fontstyle2\">kolory i struktur\u0119<\/span><\/p>\n<p><span class=\"fontstyle0\">\u2022 Rozmiar:\u00a0<\/span><\/p>\n<p style=\"padding-left: 40px;\">D\u0142ugo\u015bc: 50cm<br \/>\nWysokosc: 30cm<br \/>\nSzerokosc: 12cm<br \/>\nUchwyt: 20cm<\/p>\n","protected":false},"excerpt":{"rendered":"<p><span class=\"fontstyle0\">Kompaktowa i pojemna, zaprojektowana tak, by u\u0142atwi\u0107 Ci \u017cycie podczas codziennych zakup\u00f3w. Jest nie tylko dodatkiem do stylizacji, ale tak\u017ce praktyczn\u0105 towarzyszk\u0105 na ka\u017cd\u0105 okazj\u0119. Bez wzgl\u0119du na to, czy idziesz na kaw\u0119, weekendowy wypad lub piknik w parku.<\/span><\/p>\n<p><span class=\"fontstyle0\">Torba pomie\u015bci Twoj\u0105 ulubion\u0105 ksi\u0105\u017ck\u0119, mi\u0119ciutki koc, butelk\u0119 wody i wszystkie codzienne niezb\u0119dno\u015bci.<\/span><\/p>\n","protected":false},"featured_media":49325,"template":"","meta":[],"product_cat":[389,343],"product_tag":[344],"class_list":{"0":"post-46946","1":"product","2":"type-product","3":"status-publish","4":"has-post-thumbnail","6":"product_cat-akcesoria","7":"product_cat-wear-pl","8":"product_tag-bag-pl","11":"first","12":"outofstock","13":"shipping-taxable","14":"purchasable","15":"product-type-simple"},"bundled_by":[],"bundle_stock_status":"outofstock","bundle_stock_quantity":0,"bundle_virtual":false,"bundle_layout":"","bundle_add_to_cart_form_location":"","bundle_editable_in_cart":false,"bundle_sold_individually_context":"","bundle_item_grouping":"","bundle_min_size":"","bundle_max_size":"","bundle_price":[],"bundled_items":[],"bundle_sell_ids":[],"yoast_head":"<!-- This site is optimized with the Yoast SEO plugin v24.1 - https:\/\/yoast.com\/wordpress\/plugins\/seo\/ -->\n<title>Perpetua - tote torba - June Heart Studio<\/title>\n<meta name=\"robots\" content=\"index, follow, max-snippet:-1, max-image-preview:large, max-video-preview:-1\" \/>\n<link rel=\"canonical\" href=\"https:\/\/juneheart.studio\/pl\/produkt\/perpetua-tote-bag\/\" \/>\n<meta property=\"og:locale\" content=\"pl_PL\" \/>\n<meta property=\"og:type\" content=\"article\" \/>\n<meta property=\"og:title\" content=\"Perpetua - tote torba - June Heart Studio\" \/>\n<meta property=\"og:description\" content=\"Kompaktowa i pojemna, zaprojektowana tak, by u\u0142atwi\u0107 Ci \u017cycie podczas codziennych zakup\u00f3w. Jest nie tylko dodatkiem do stylizacji, ale tak\u017ce praktyczn\u0105 towarzyszk\u0105 na ka\u017cd\u0105 okazj\u0119. Bez wzgl\u0119du na to, czy idziesz na kaw\u0119, weekendowy wypad lub piknik w parku.  Torba pomie\u015bci Twoj\u0105 ulubion\u0105 ksi\u0105\u017ck\u0119, mi\u0119ciutki koc, butelk\u0119 wody i wszystkie codzienne niezb\u0119dno\u015bci.\" \/>\n<meta property=\"og:url\" content=\"https:\/\/juneheart.studio\/pl\/produkt\/perpetua-tote-bag\/\" \/>\n<meta property=\"og:site_name\" content=\"June Heart Studio\" \/>\n<meta property=\"article:modified_time\" content=\"2025-11-17T16:40:03+00:00\" \/>\n<meta property=\"og:image\" content=\"https:\/\/juneheart.studio\/wp-content\/uploads\/2024\/07\/JH-04-02-1-jpg.webp\" \/>\n\t<meta property=\"og:image:width\" content=\"1703\" \/>\n\t<meta property=\"og:image:height\" content=\"2560\" \/>\n\t<meta property=\"og:image:type\" content=\"image\/jpeg\" \/>\n<meta name=\"twitter:card\" content=\"summary_large_image\" \/>\n<meta name=\"twitter:label1\" content=\"Szacowany czas czytania\" \/>\n\t<meta name=\"twitter:data1\" content=\"1 minuta\" \/>\n<script type=\"application\/ld+json\" class=\"yoast-schema-graph\">{\"@context\":\"https:\/\/schema.org\",\"@graph\":[{\"@type\":\"WebPage\",\"@id\":\"https:\/\/juneheart.studio\/pl\/produkt\/perpetua-tote-bag\/\",\"url\":\"https:\/\/juneheart.studio\/pl\/produkt\/perpetua-tote-bag\/\",\"name\":\"Perpetua - tote torba - June Heart Studio\",\"isPartOf\":{\"@id\":\"https:\/\/juneheart.studio\/pl\/#website\"},\"primaryImageOfPage\":{\"@id\":\"https:\/\/juneheart.studio\/pl\/produkt\/perpetua-tote-bag\/#primaryimage\"},\"image\":{\"@id\":\"https:\/\/juneheart.studio\/pl\/produkt\/perpetua-tote-bag\/#primaryimage\"},\"thumbnailUrl\":\"https:\/\/juneheart.studio\/wp-content\/uploads\/2024\/07\/JH-04-02-1-jpg.webp\",\"datePublished\":\"2024-05-26T19:03:32+00:00\",\"dateModified\":\"2025-11-17T16:40:03+00:00\",\"breadcrumb\":{\"@id\":\"https:\/\/juneheart.studio\/pl\/produkt\/perpetua-tote-bag\/#breadcrumb\"},\"inLanguage\":\"pl-PL\",\"potentialAction\":[{\"@type\":\"ReadAction\",\"target\":[\"https:\/\/juneheart.studio\/pl\/produkt\/perpetua-tote-bag\/\"]}]},{\"@type\":\"ImageObject\",\"inLanguage\":\"pl-PL\",\"@id\":\"https:\/\/juneheart.studio\/pl\/produkt\/perpetua-tote-bag\/#primaryimage\",\"url\":\"https:\/\/juneheart.studio\/wp-content\/uploads\/2024\/07\/JH-04-02-1-jpg.webp\",\"contentUrl\":\"https:\/\/juneheart.studio\/wp-content\/uploads\/2024\/07\/JH-04-02-1-jpg.webp\",\"width\":1703,\"height\":2560},{\"@type\":\"BreadcrumbList\",\"@id\":\"https:\/\/juneheart.studio\/pl\/produkt\/perpetua-tote-bag\/#breadcrumb\",\"itemListElement\":[{\"@type\":\"ListItem\",\"position\":1,\"name\":\"Home\",\"item\":\"https:\/\/juneheart.studio\/pl\/\"},{\"@type\":\"ListItem\",\"position\":2,\"name\":\"Sklep\",\"item\":\"https:\/\/juneheart.studio\/pl\/sklep\/\"},{\"@type\":\"ListItem\",\"position\":3,\"name\":\"Perpetua &#8211; tote torba\"}]},{\"@type\":\"WebSite\",\"@id\":\"https:\/\/juneheart.studio\/pl\/#website\",\"url\":\"https:\/\/juneheart.studio\/pl\/\",\"name\":\"June Heart\",\"description\":\"Shop\",\"publisher\":{\"@id\":\"https:\/\/juneheart.studio\/pl\/#organization\"},\"alternateName\":\"June Heart\",\"potentialAction\":[{\"@type\":\"SearchAction\",\"target\":{\"@type\":\"EntryPoint\",\"urlTemplate\":\"https:\/\/juneheart.studio\/pl\/?s={search_term_string}\"},\"query-input\":{\"@type\":\"PropertyValueSpecification\",\"valueRequired\":true,\"valueName\":\"search_term_string\"}}],\"inLanguage\":\"pl-PL\"},{\"@type\":\"Organization\",\"@id\":\"https:\/\/juneheart.studio\/pl\/#organization\",\"name\":\"June Heart\",\"alternateName\":\"June Heart\",\"url\":\"https:\/\/juneheart.studio\/pl\/\",\"logo\":{\"@type\":\"ImageObject\",\"inLanguage\":\"pl-PL\",\"@id\":\"https:\/\/juneheart.studio\/pl\/#\/schema\/logo\/image\/\",\"url\":\"https:\/\/juneheart.studio\/wp-content\/uploads\/2024\/06\/cropped-jh-logo.png\",\"contentUrl\":\"https:\/\/juneheart.studio\/wp-content\/uploads\/2024\/06\/cropped-jh-logo.png\",\"width\":585,\"height\":135,\"caption\":\"June Heart\"},\"image\":{\"@id\":\"https:\/\/juneheart.studio\/pl\/#\/schema\/logo\/image\/\"}}]}<\/script>\n<!-- \/ Yoast SEO plugin. -->","yoast_head_json":{"title":"Perpetua - tote torba - June Heart Studio","robots":{"index":"index","follow":"follow","max-snippet":"max-snippet:-1","max-image-preview":"max-image-preview:large","max-video-preview":"max-video-preview:-1"},"canonical":"https:\/\/juneheart.studio\/pl\/produkt\/perpetua-tote-bag\/","og_locale":"pl_PL","og_type":"article","og_title":"Perpetua - tote torba - June Heart Studio","og_description":"Kompaktowa i pojemna, zaprojektowana tak, by u\u0142atwi\u0107 Ci \u017cycie podczas codziennych zakup\u00f3w. Jest nie tylko dodatkiem do stylizacji, ale tak\u017ce praktyczn\u0105 towarzyszk\u0105 na ka\u017cd\u0105 okazj\u0119. Bez wzgl\u0119du na to, czy idziesz na kaw\u0119, weekendowy wypad lub piknik w parku.  Torba pomie\u015bci Twoj\u0105 ulubion\u0105 ksi\u0105\u017ck\u0119, mi\u0119ciutki koc, butelk\u0119 wody i wszystkie codzienne niezb\u0119dno\u015bci.","og_url":"https:\/\/juneheart.studio\/pl\/produkt\/perpetua-tote-bag\/","og_site_name":"June Heart Studio","article_modified_time":"2025-11-17T16:40:03+00:00","og_image":[{"width":1703,"height":2560,"url":"https:\/\/juneheart.studio\/wp-content\/uploads\/2024\/07\/JH-04-02-1-jpg.webp","type":"image\/jpeg"}],"twitter_card":"summary_large_image","twitter_misc":{"Szacowany czas czytania":"1 minuta"},"schema":{"@context":"https:\/\/schema.org","@graph":[{"@type":"WebPage","@id":"https:\/\/juneheart.studio\/pl\/produkt\/perpetua-tote-bag\/","url":"https:\/\/juneheart.studio\/pl\/produkt\/perpetua-tote-bag\/","name":"Perpetua - tote torba - June Heart Studio","isPartOf":{"@id":"https:\/\/juneheart.studio\/pl\/#website"},"primaryImageOfPage":{"@id":"https:\/\/juneheart.studio\/pl\/produkt\/perpetua-tote-bag\/#primaryimage"},"image":{"@id":"https:\/\/juneheart.studio\/pl\/produkt\/perpetua-tote-bag\/#primaryimage"},"thumbnailUrl":"https:\/\/juneheart.studio\/wp-content\/uploads\/2024\/07\/JH-04-02-1-jpg.webp","datePublished":"2024-05-26T19:03:32+00:00","dateModified":"2025-11-17T16:40:03+00:00","breadcrumb":{"@id":"https:\/\/juneheart.studio\/pl\/produkt\/perpetua-tote-bag\/#breadcrumb"},"inLanguage":"pl-PL","potentialAction":[{"@type":"ReadAction","target":["https:\/\/juneheart.studio\/pl\/produkt\/perpetua-tote-bag\/"]}]},{"@type":"ImageObject","inLanguage":"pl-PL","@id":"https:\/\/juneheart.studio\/pl\/produkt\/perpetua-tote-bag\/#primaryimage","url":"https:\/\/juneheart.studio\/wp-content\/uploads\/2024\/07\/JH-04-02-1-jpg.webp","contentUrl":"https:\/\/juneheart.studio\/wp-content\/uploads\/2024\/07\/JH-04-02-1-jpg.webp","width":1703,"height":2560},{"@type":"BreadcrumbList","@id":"https:\/\/juneheart.studio\/pl\/produkt\/perpetua-tote-bag\/#breadcrumb","itemListElement":[{"@type":"ListItem","position":1,"name":"Home","item":"https:\/\/juneheart.studio\/pl\/"},{"@type":"ListItem","position":2,"name":"Sklep","item":"https:\/\/juneheart.studio\/pl\/sklep\/"},{"@type":"ListItem","position":3,"name":"Perpetua &#8211; tote torba"}]},{"@type":"WebSite","@id":"https:\/\/juneheart.studio\/pl\/#website","url":"https:\/\/juneheart.studio\/pl\/","name":"June Heart","description":"Shop","publisher":{"@id":"https:\/\/juneheart.studio\/pl\/#organization"},"alternateName":"June Heart","potentialAction":[{"@type":"SearchAction","target":{"@type":"EntryPoint","urlTemplate":"https:\/\/juneheart.studio\/pl\/?s={search_term_string}"},"query-input":{"@type":"PropertyValueSpecification","valueRequired":true,"valueName":"search_term_string"}}],"inLanguage":"pl-PL"},{"@type":"Organization","@id":"https:\/\/juneheart.studio\/pl\/#organization","name":"June Heart","alternateName":"June Heart","url":"https:\/\/juneheart.studio\/pl\/","logo":{"@type":"ImageObject","inLanguage":"pl-PL","@id":"https:\/\/juneheart.studio\/pl\/#\/schema\/logo\/image\/","url":"https:\/\/juneheart.studio\/wp-content\/uploads\/2024\/06\/cropped-jh-logo.png","contentUrl":"https:\/\/juneheart.studio\/wp-content\/uploads\/2024\/06\/cropped-jh-logo.png","width":585,"height":135,"caption":"June Heart"},"image":{"@id":"https:\/\/juneheart.studio\/pl\/#\/schema\/logo\/image\/"}}]}},"jetpack_sharing_enabled":true,"_links":{"self":[{"href":"https:\/\/juneheart.studio\/pl\/wp-json\/wp\/v2\/product\/46946","targetHints":{"allow":["GET"]}}],"collection":[{"href":"https:\/\/juneheart.studio\/pl\/wp-json\/wp\/v2\/product"}],"about":[{"href":"https:\/\/juneheart.studio\/pl\/wp-json\/wp\/v2\/types\/product"}],"version-history":[{"count":0,"href":"https:\/\/juneheart.studio\/pl\/wp-json\/wp\/v2\/product\/46946\/revisions"}],"wp:featuredmedia":[{"embeddable":true,"href":"https:\/\/juneheart.studio\/pl\/wp-json\/wp\/v2\/media\/49325"}],"wp:attachment":[{"href":"https:\/\/juneheart.studio\/pl\/wp-json\/wp\/v2\/media?parent=46946"}],"wp:term":[{"taxonomy":"product_cat","embeddable":true,"href":"https:\/\/juneheart.studio\/pl\/wp-json\/wp\/v2\/product_cat?post=46946"},{"taxonomy":"product_tag","embeddable":true,"href":"https:\/\/juneheart.studio\/pl\/wp-json\/wp\/v2\/product_tag?post=46946"}],"curies":[{"name":"wp","href":"https:\/\/api.w.org\/{rel}","templated":true}]}}