{"id":46813,"date":"2024-05-05T12:58:38","date_gmt":"2024-05-05T12:58:38","guid":{"rendered":"https:\/\/juneheart.studio\/koszyk\/"},"modified":"2024-06-14T19:39:09","modified_gmt":"2024-06-14T19:39:09","slug":"koszyk","status":"publish","type":"page","link":"https:\/\/juneheart.studio\/pl\/koszyk\/","title":{"rendered":"Koszyk"},"content":{"rendered":"<div data-block-name=\"woocommerce\/cart\" class=\"wp-block-woocommerce-cart alignwide is-loading\"><div data-block-name=\"woocommerce\/filled-cart-block\" class=\"wp-block-woocommerce-filled-cart-block\"><div data-block-name=\"woocommerce\/cart-items-block\" class=\"wp-block-woocommerce-cart-items-block\"><div data-block-name=\"woocommerce\/cart-line-items-block\" class=\"wp-block-woocommerce-cart-line-items-block\"><\/div><\/div>\n\n<div data-block-name=\"woocommerce\/cart-totals-block\" class=\"wp-block-woocommerce-cart-totals-block\"><div data-block-name=\"woocommerce\/cart-order-summary-block\" class=\"wp-block-woocommerce-cart-order-summary-block\"><div data-block-name=\"woocommerce\/cart-order-summary-heading-block\" data-content=\"Basket totals\" class=\"wp-block-woocommerce-cart-order-summary-heading-block\"><\/div>\n\n<div data-block-name=\"woocommerce\/cart-order-summary-coupon-form-block\" class=\"wp-block-woocommerce-cart-order-summary-coupon-form-block\"><\/div>\n\n<div data-block-name=\"woocommerce\/cart-order-summary-totals-block\" class=\"wp-block-woocommerce-cart-order-summary-totals-block\"><div data-block-name=\"woocommerce\/cart-order-summary-subtotal-block\" class=\"wp-block-woocommerce-cart-order-summary-subtotal-block\"><\/div>\n\n<div data-block-name=\"woocommerce\/cart-order-summary-fee-block\" class=\"wp-block-woocommerce-cart-order-summary-fee-block\"><\/div>\n\n<div data-block-name=\"woocommerce\/cart-order-summary-discount-block\" class=\"wp-block-woocommerce-cart-order-summary-discount-block\"><\/div>\n\n<div data-block-name=\"woocommerce\/cart-order-summary-shipping-block\" class=\"wp-block-woocommerce-cart-order-summary-shipping-block\"><\/div>\n\n<div data-block-name=\"woocommerce\/cart-order-summary-taxes-block\" class=\"wp-block-woocommerce-cart-order-summary-taxes-block\"><\/div><\/div><\/div>\n\n<div data-block-name=\"woocommerce\/cart-express-payment-block\" class=\"wp-block-woocommerce-cart-express-payment-block\"><\/div>\n\n<div data-block-name=\"woocommerce\/proceed-to-checkout-block\" class=\"wp-block-woocommerce-proceed-to-checkout-block\"><\/div>\n\n<div data-block-name=\"woocommerce\/cart-accepted-payment-methods-block\" class=\"wp-block-woocommerce-cart-accepted-payment-methods-block\"><\/div><\/div><\/div>\n\n<div data-block-name=\"woocommerce\/empty-cart-block\" class=\"wp-block-woocommerce-empty-cart-block\"><p class=\"has-text-align-center\"><\/p>\n\n<p class=\"has-text-align-center has-large-font-size\">Tw\u00f3j koszyk jest pusty.<\/p>\n\n<div style=\"height:100px\" aria-hidden=\"true\" class=\"wp-block-spacer\"><\/div>\n\n<div data-block-name=\"woocommerce\/product-new\" data-content-visibility=\"{&quot;image&quot;:true,&quot;title&quot;:true,&quot;price&quot;:true,&quot;rating&quot;:true,&quot;button&quot;:false}\" class=\"wc-block-grid wp-block-product-new wp-block-woocommerce-product-new wc-block-product-new has-3-columns has-multiple-rows\"><ul class=\"wc-block-grid__products\"><li class=\"wc-block-grid__product\">\n\t\t\t\t<a href=\"https:\/\/juneheart.studio\/pl\/produkt\/51312\/\" class=\"wc-block-grid__product-link\">\n\t\t\t\t\t\n\t\t\t\t\t<div class=\"wc-block-grid__product-image\"><img loading=\"lazy\" decoding=\"async\" width=\"510\" height=\"680\" src=\"https:\/\/juneheart.studio\/wp-content\/uploads\/2026\/03\/1-510x680.png\" class=\"attachment-woocommerce_thumbnail size-woocommerce_thumbnail\" alt=\"Swan &amp; only\" \/><\/div>\n\t\t\t\t\t<div class=\"wc-block-grid__product-title\">Swan &amp; only<\/div>\n\t\t\t\t<\/a>\n\t\t\t\t<div class=\"wc-block-grid__product-price price\"><span class=\"woocommerce-Price-amount amount\">189,00&nbsp;<span class=\"woocommerce-Price-currencySymbol\">&#122;&#322;<\/span><\/span><\/div>\n\t\t\t\t\n\t\t\t\t\n\t\t\t<\/li><li class=\"wc-block-grid__product\">\n\t\t\t\t<a href=\"https:\/\/juneheart.studio\/pl\/produkt\/forever-siesta-towel\/\" class=\"wc-block-grid__product-link\">\n\t\t\t\t\t\n\t\t\t\t\t<div class=\"wc-block-grid__product-image\"><img loading=\"lazy\" decoding=\"async\" width=\"510\" height=\"680\" src=\"https:\/\/juneheart.studio\/wp-content\/uploads\/2025\/04\/krzeslaw-510x680.jpg\" class=\"attachment-woocommerce_thumbnail size-woocommerce_thumbnail\" alt=\"Forever siesta \u2013 r\u0119cznik\" \/><\/div>\n\t\t\t\t\t<div class=\"wc-block-grid__product-title\">Forever siesta \u2013 r\u0119cznik<\/div>\n\t\t\t\t<\/a>\n\t\t\t\t<div class=\"wc-block-grid__product-price price\"><span class=\"woocommerce-Price-amount amount\">189,00&nbsp;<span class=\"woocommerce-Price-currencySymbol\">&#122;&#322;<\/span><\/span><\/div>\n\t\t\t\t\n\t\t\t\t\n\t\t\t<\/li><li class=\"wc-block-grid__product\">\n\t\t\t\t<a href=\"https:\/\/juneheart.studio\/pl\/produkt\/lazy-dog-days-towel\/\" class=\"wc-block-grid__product-link\">\n\t\t\t\t\t\n\t\t\t\t\t<div class=\"wc-block-grid__product-image\"><img loading=\"lazy\" decoding=\"async\" width=\"510\" height=\"680\" src=\"https:\/\/juneheart.studio\/wp-content\/uploads\/2025\/04\/piesekw-510x680.jpg\" class=\"attachment-woocommerce_thumbnail size-woocommerce_thumbnail\" alt=\"Lazy dog days \u2013 r\u0119cznik\" \/><\/div>\n\t\t\t\t\t<div class=\"wc-block-grid__product-title\">Lazy dog days \u2013 r\u0119cznik<\/div>\n\t\t\t\t<\/a>\n\t\t\t\t<div class=\"wc-block-grid__product-price price\"><span class=\"woocommerce-Price-amount amount\">189,00&nbsp;<span class=\"woocommerce-Price-currencySymbol\">&#122;&#322;<\/span><\/span><\/div>\n\t\t\t\t\n\t\t\t\t\n\t\t\t<\/li><li class=\"wc-block-grid__product\">\n\t\t\t\t<a href=\"https:\/\/juneheart.studio\/pl\/produkt\/voucher-produktowy-50\/\" class=\"wc-block-grid__product-link\">\n\t\t\t\t\t\n\t\t\t\t\t<div class=\"wc-block-grid__product-image\"><img loading=\"lazy\" decoding=\"async\" width=\"510\" height=\"680\" src=\"https:\/\/juneheart.studio\/wp-content\/uploads\/2025\/02\/voucher_podarunkowy-510x680.jpg\" class=\"attachment-woocommerce_thumbnail size-woocommerce_thumbnail\" alt=\"Voucher produktowy\" \/><\/div>\n\t\t\t\t\t<div class=\"wc-block-grid__product-title\">Voucher produktowy<\/div>\n\t\t\t\t<\/a>\n\t\t\t\t<div class=\"wc-block-grid__product-price price\"><span class=\"woocommerce-Price-amount amount\">50,00&nbsp;<span class=\"woocommerce-Price-currencySymbol\">&#122;&#322;<\/span><\/span><\/div>\n\t\t\t\t\n\t\t\t\t\n\t\t\t<\/li><li class=\"wc-block-grid__product\">\n\t\t\t\t<a href=\"https:\/\/juneheart.studio\/pl\/produkt\/voucher-produktowy-2\/\" class=\"wc-block-grid__product-link\">\n\t\t\t\t\t\n\t\t\t\t\t<div class=\"wc-block-grid__product-image\"><img loading=\"lazy\" decoding=\"async\" width=\"510\" height=\"680\" src=\"https:\/\/juneheart.studio\/wp-content\/uploads\/2025\/02\/voucher_podarunkowy-510x680.jpg\" class=\"attachment-woocommerce_thumbnail size-woocommerce_thumbnail\" alt=\"Voucher produktowy\" \/><\/div>\n\t\t\t\t\t<div class=\"wc-block-grid__product-title\">Voucher produktowy<\/div>\n\t\t\t\t<\/a>\n\t\t\t\t<div class=\"wc-block-grid__product-price price\"><span class=\"woocommerce-Price-amount amount\">200,00&nbsp;<span class=\"woocommerce-Price-currencySymbol\">&#122;&#322;<\/span><\/span><\/div>\n\t\t\t\t\n\t\t\t\t\n\t\t\t<\/li><li class=\"wc-block-grid__product\">\n\t\t\t\t<a href=\"https:\/\/juneheart.studio\/pl\/produkt\/voucher-produktowy\/\" class=\"wc-block-grid__product-link\">\n\t\t\t\t\t\n\t\t\t\t\t<div class=\"wc-block-grid__product-image\"><img loading=\"lazy\" decoding=\"async\" width=\"510\" height=\"680\" src=\"https:\/\/juneheart.studio\/wp-content\/uploads\/2025\/02\/voucher_podarunkowy-510x680.jpg\" class=\"attachment-woocommerce_thumbnail size-woocommerce_thumbnail\" alt=\"Voucher produktowy\" \/><\/div>\n\t\t\t\t\t<div class=\"wc-block-grid__product-title\">Voucher produktowy<\/div>\n\t\t\t\t<\/a>\n\t\t\t\t<div class=\"wc-block-grid__product-price price\"><span class=\"woocommerce-Price-amount amount\">100,00&nbsp;<span class=\"woocommerce-Price-currencySymbol\">&#122;&#322;<\/span><\/span><\/div>\n\t\t\t\t\n\t\t\t\t\n\t\t\t<\/li><li class=\"wc-block-grid__product\">\n\t\t\t\t<a href=\"https:\/\/juneheart.studio\/pl\/produkt\/echoes-sf-the-sea-fringed-wall-banner\/\" class=\"wc-block-grid__product-link\">\n\t\t\t\t\t<div class=\"wc-block-grid__product-onsale\">\n\t\t\t<span aria-hidden=\"true\">Promocja<\/span>\n\t\t\t<span class=\"screen-reader-text\">Produkt w promocji<\/span>\n\t\t<\/div>\n\t\t\t\t\t<div class=\"wc-block-grid__product-image\"><img loading=\"lazy\" decoding=\"async\" width=\"510\" height=\"680\" src=\"https:\/\/juneheart.studio\/wp-content\/uploads\/2024\/07\/JH-10-04-2-510x680.jpg\" class=\"attachment-woocommerce_thumbnail size-woocommerce_thumbnail\" alt=\"Echoes Of The Sea - Proporczyk na \u015bcian\u0119 z fr\u0119dzlami\" \/><\/div>\n\t\t\t\t\t<div class=\"wc-block-grid__product-title\">Echoes Of The Sea &#8211; Proporczyk na \u015bcian\u0119 z fr\u0119dzlami<\/div>\n\t\t\t\t<\/a>\n\t\t\t\t<div class=\"wc-block-grid__product-price price\"><del aria-hidden=\"true\"><span class=\"woocommerce-Price-amount amount\">129,00&nbsp;<span class=\"woocommerce-Price-currencySymbol\">&#122;&#322;<\/span><\/span><\/del> <span class=\"screen-reader-text\">Pierwotna cena wynosi\u0142a: 129,00&nbsp;&#122;&#322;.<\/span><ins aria-hidden=\"true\"><span class=\"woocommerce-Price-amount amount\">119,00&nbsp;<span class=\"woocommerce-Price-currencySymbol\">&#122;&#322;<\/span><\/span><\/ins><span class=\"screen-reader-text\">Aktualna cena wynosi: 119,00&nbsp;&#122;&#322;.<\/span><\/div>\n\t\t\t\t\n\t\t\t\t\n\t\t\t<\/li><li class=\"wc-block-grid__product\">\n\t\t\t\t<a href=\"https:\/\/juneheart.studio\/pl\/produkt\/endless-summer-fringed-wall-banner\/\" class=\"wc-block-grid__product-link\">\n\t\t\t\t\t<div class=\"wc-block-grid__product-onsale\">\n\t\t\t<span aria-hidden=\"true\">Promocja<\/span>\n\t\t\t<span class=\"screen-reader-text\">Produkt w promocji<\/span>\n\t\t<\/div>\n\t\t\t\t\t<div class=\"wc-block-grid__product-image\"><img loading=\"lazy\" decoding=\"async\" width=\"510\" height=\"680\" src=\"https:\/\/juneheart.studio\/wp-content\/uploads\/2024\/07\/JH-10-03-1-510x680.jpg\" class=\"attachment-woocommerce_thumbnail size-woocommerce_thumbnail\" alt=\"Positano Pom - Proporczyk na \u015bcian\u0119 z fr\u0119dzlami\" \/><\/div>\n\t\t\t\t\t<div class=\"wc-block-grid__product-title\">Positano Pom &#8211; Proporczyk na \u015bcian\u0119 z fr\u0119dzlami<\/div>\n\t\t\t\t<\/a>\n\t\t\t\t<div class=\"wc-block-grid__product-price price\"><del aria-hidden=\"true\"><span class=\"woocommerce-Price-amount amount\">129,00&nbsp;<span class=\"woocommerce-Price-currencySymbol\">&#122;&#322;<\/span><\/span><\/del> <span class=\"screen-reader-text\">Pierwotna cena wynosi\u0142a: 129,00&nbsp;&#122;&#322;.<\/span><ins aria-hidden=\"true\"><span class=\"woocommerce-Price-amount amount\">119,00&nbsp;<span class=\"woocommerce-Price-currencySymbol\">&#122;&#322;<\/span><\/span><\/ins><span class=\"screen-reader-text\">Aktualna cena wynosi: 119,00&nbsp;&#122;&#322;.<\/span><\/div>\n\t\t\t\t\n\t\t\t\t\n\t\t\t<\/li><li class=\"wc-block-grid__product\">\n\t\t\t\t<a href=\"https:\/\/juneheart.studio\/pl\/produkt\/august-fringed-wall-banner\/\" class=\"wc-block-grid__product-link\">\n\t\t\t\t\t<div class=\"wc-block-grid__product-onsale\">\n\t\t\t<span aria-hidden=\"true\">Promocja<\/span>\n\t\t\t<span class=\"screen-reader-text\">Produkt w promocji<\/span>\n\t\t<\/div>\n\t\t\t\t\t<div class=\"wc-block-grid__product-image\"><img loading=\"lazy\" decoding=\"async\" width=\"510\" height=\"680\" src=\"https:\/\/juneheart.studio\/wp-content\/uploads\/2024\/07\/JH-10-01-1-510x680.jpg\" class=\"attachment-woocommerce_thumbnail size-woocommerce_thumbnail\" alt=\"August - Proporczyk na \u015bcian\u0119 z fr\u0119dzlami\" \/><\/div>\n\t\t\t\t\t<div class=\"wc-block-grid__product-title\">August &#8211; Proporczyk na \u015bcian\u0119 z fr\u0119dzlami<\/div>\n\t\t\t\t<\/a>\n\t\t\t\t<div class=\"wc-block-grid__product-price price\"><del aria-hidden=\"true\"><span class=\"woocommerce-Price-amount amount\">129,00&nbsp;<span class=\"woocommerce-Price-currencySymbol\">&#122;&#322;<\/span><\/span><\/del> <span class=\"screen-reader-text\">Pierwotna cena wynosi\u0142a: 129,00&nbsp;&#122;&#322;.<\/span><ins aria-hidden=\"true\"><span class=\"woocommerce-Price-amount amount\">119,00&nbsp;<span class=\"woocommerce-Price-currencySymbol\">&#122;&#322;<\/span><\/span><\/ins><span class=\"screen-reader-text\">Aktualna cena wynosi: 119,00&nbsp;&#122;&#322;.<\/span><\/div>\n\t\t\t\t\n\t\t\t\t\n\t\t\t<\/li><\/ul><\/div>\n\n<div style=\"height:100px\" aria-hidden=\"true\" class=\"wp-block-spacer\"><\/div><\/div><\/div>","protected":false},"excerpt":{"rendered":"","protected":false},"author":1,"featured_media":0,"parent":0,"menu_order":0,"comment_status":"closed","ping_status":"closed","template":"","meta":{"footnotes":""},"class_list":["post-46813","page","type-page","status-publish","hentry"],"yoast_head":"<!-- This site is optimized with the Yoast SEO plugin v24.1 - https:\/\/yoast.com\/wordpress\/plugins\/seo\/ -->\n<title>Koszyk - June Heart Studio<\/title>\n<meta name=\"robots\" content=\"index, follow, max-snippet:-1, max-image-preview:large, max-video-preview:-1\" \/>\n<link rel=\"canonical\" href=\"https:\/\/juneheart.studio\/pl\/koszyk\/\" \/>\n<meta property=\"og:locale\" content=\"pl_PL\" \/>\n<meta property=\"og:type\" content=\"article\" \/>\n<meta property=\"og:title\" content=\"Koszyk - June Heart Studio\" \/>\n<meta property=\"og:url\" content=\"https:\/\/juneheart.studio\/pl\/koszyk\/\" \/>\n<meta property=\"og:site_name\" content=\"June Heart Studio\" \/>\n<meta property=\"article:modified_time\" content=\"2024-06-14T19:39:09+00:00\" \/>\n<meta property=\"og:image\" content=\"https:\/\/juneheart.studio\/wp-content\/uploads\/2024\/06\/juneheart-lifestyle-61-scaled.jpg\" \/>\n\t<meta property=\"og:image:width\" content=\"1709\" \/>\n\t<meta property=\"og:image:height\" content=\"2560\" \/>\n\t<meta property=\"og:image:type\" content=\"image\/jpeg\" \/>\n<meta name=\"twitter:card\" content=\"summary_large_image\" \/>\n<meta name=\"twitter:label1\" content=\"Szacowany czas czytania\" \/>\n\t<meta name=\"twitter:data1\" content=\"1 minuta\" \/>\n<script type=\"application\/ld+json\" class=\"yoast-schema-graph\">{\"@context\":\"https:\/\/schema.org\",\"@graph\":[{\"@type\":\"WebPage\",\"@id\":\"https:\/\/juneheart.studio\/pl\/koszyk\/\",\"url\":\"https:\/\/juneheart.studio\/pl\/koszyk\/\",\"name\":\"Koszyk - June Heart Studio\",\"isPartOf\":{\"@id\":\"https:\/\/juneheart.studio\/pl\/#website\"},\"datePublished\":\"2024-05-05T12:58:38+00:00\",\"dateModified\":\"2024-06-14T19:39:09+00:00\",\"breadcrumb\":{\"@id\":\"https:\/\/juneheart.studio\/pl\/koszyk\/#breadcrumb\"},\"inLanguage\":\"pl-PL\",\"potentialAction\":[{\"@type\":\"ReadAction\",\"target\":[\"https:\/\/juneheart.studio\/pl\/koszyk\/\"]}]},{\"@type\":\"BreadcrumbList\",\"@id\":\"https:\/\/juneheart.studio\/pl\/koszyk\/#breadcrumb\",\"itemListElement\":[{\"@type\":\"ListItem\",\"position\":1,\"name\":\"Home\",\"item\":\"https:\/\/juneheart.studio\/pl\/\"},{\"@type\":\"ListItem\",\"position\":2,\"name\":\"Koszyk\"}]},{\"@type\":\"WebSite\",\"@id\":\"https:\/\/juneheart.studio\/pl\/#website\",\"url\":\"https:\/\/juneheart.studio\/pl\/\",\"name\":\"June Heart\",\"description\":\"Shop\",\"publisher\":{\"@id\":\"https:\/\/juneheart.studio\/pl\/#organization\"},\"alternateName\":\"June Heart\",\"potentialAction\":[{\"@type\":\"SearchAction\",\"target\":{\"@type\":\"EntryPoint\",\"urlTemplate\":\"https:\/\/juneheart.studio\/pl\/?s={search_term_string}\"},\"query-input\":{\"@type\":\"PropertyValueSpecification\",\"valueRequired\":true,\"valueName\":\"search_term_string\"}}],\"inLanguage\":\"pl-PL\"},{\"@type\":\"Organization\",\"@id\":\"https:\/\/juneheart.studio\/pl\/#organization\",\"name\":\"June Heart\",\"alternateName\":\"June Heart\",\"url\":\"https:\/\/juneheart.studio\/pl\/\",\"logo\":{\"@type\":\"ImageObject\",\"inLanguage\":\"pl-PL\",\"@id\":\"https:\/\/juneheart.studio\/pl\/#\/schema\/logo\/image\/\",\"url\":\"https:\/\/juneheart.studio\/wp-content\/uploads\/2024\/06\/cropped-jh-logo.png\",\"contentUrl\":\"https:\/\/juneheart.studio\/wp-content\/uploads\/2024\/06\/cropped-jh-logo.png\",\"width\":585,\"height\":135,\"caption\":\"June Heart\"},\"image\":{\"@id\":\"https:\/\/juneheart.studio\/pl\/#\/schema\/logo\/image\/\"}}]}<\/script>\n<!-- \/ Yoast SEO plugin. -->","yoast_head_json":{"title":"Koszyk - June Heart Studio","robots":{"index":"index","follow":"follow","max-snippet":"max-snippet:-1","max-image-preview":"max-image-preview:large","max-video-preview":"max-video-preview:-1"},"canonical":"https:\/\/juneheart.studio\/pl\/koszyk\/","og_locale":"pl_PL","og_type":"article","og_title":"Koszyk - June Heart Studio","og_url":"https:\/\/juneheart.studio\/pl\/koszyk\/","og_site_name":"June Heart Studio","article_modified_time":"2024-06-14T19:39:09+00:00","og_image":[{"width":1709,"height":2560,"url":"https:\/\/juneheart.studio\/wp-content\/uploads\/2024\/06\/juneheart-lifestyle-61-scaled.jpg","type":"image\/jpeg"}],"twitter_card":"summary_large_image","twitter_misc":{"Szacowany czas czytania":"1 minuta"},"schema":{"@context":"https:\/\/schema.org","@graph":[{"@type":"WebPage","@id":"https:\/\/juneheart.studio\/pl\/koszyk\/","url":"https:\/\/juneheart.studio\/pl\/koszyk\/","name":"Koszyk - June Heart Studio","isPartOf":{"@id":"https:\/\/juneheart.studio\/pl\/#website"},"datePublished":"2024-05-05T12:58:38+00:00","dateModified":"2024-06-14T19:39:09+00:00","breadcrumb":{"@id":"https:\/\/juneheart.studio\/pl\/koszyk\/#breadcrumb"},"inLanguage":"pl-PL","potentialAction":[{"@type":"ReadAction","target":["https:\/\/juneheart.studio\/pl\/koszyk\/"]}]},{"@type":"BreadcrumbList","@id":"https:\/\/juneheart.studio\/pl\/koszyk\/#breadcrumb","itemListElement":[{"@type":"ListItem","position":1,"name":"Home","item":"https:\/\/juneheart.studio\/pl\/"},{"@type":"ListItem","position":2,"name":"Koszyk"}]},{"@type":"WebSite","@id":"https:\/\/juneheart.studio\/pl\/#website","url":"https:\/\/juneheart.studio\/pl\/","name":"June Heart","description":"Shop","publisher":{"@id":"https:\/\/juneheart.studio\/pl\/#organization"},"alternateName":"June Heart","potentialAction":[{"@type":"SearchAction","target":{"@type":"EntryPoint","urlTemplate":"https:\/\/juneheart.studio\/pl\/?s={search_term_string}"},"query-input":{"@type":"PropertyValueSpecification","valueRequired":true,"valueName":"search_term_string"}}],"inLanguage":"pl-PL"},{"@type":"Organization","@id":"https:\/\/juneheart.studio\/pl\/#organization","name":"June Heart","alternateName":"June Heart","url":"https:\/\/juneheart.studio\/pl\/","logo":{"@type":"ImageObject","inLanguage":"pl-PL","@id":"https:\/\/juneheart.studio\/pl\/#\/schema\/logo\/image\/","url":"https:\/\/juneheart.studio\/wp-content\/uploads\/2024\/06\/cropped-jh-logo.png","contentUrl":"https:\/\/juneheart.studio\/wp-content\/uploads\/2024\/06\/cropped-jh-logo.png","width":585,"height":135,"caption":"June Heart"},"image":{"@id":"https:\/\/juneheart.studio\/pl\/#\/schema\/logo\/image\/"}}]}},"jetpack_sharing_enabled":true,"_links":{"self":[{"href":"https:\/\/juneheart.studio\/pl\/wp-json\/wp\/v2\/pages\/46813","targetHints":{"allow":["GET"]}}],"collection":[{"href":"https:\/\/juneheart.studio\/pl\/wp-json\/wp\/v2\/pages"}],"about":[{"href":"https:\/\/juneheart.studio\/pl\/wp-json\/wp\/v2\/types\/page"}],"author":[{"embeddable":true,"href":"https:\/\/juneheart.studio\/pl\/wp-json\/wp\/v2\/users\/1"}],"replies":[{"embeddable":true,"href":"https:\/\/juneheart.studio\/pl\/wp-json\/wp\/v2\/comments?post=46813"}],"version-history":[{"count":0,"href":"https:\/\/juneheart.studio\/pl\/wp-json\/wp\/v2\/pages\/46813\/revisions"}],"wp:attachment":[{"href":"https:\/\/juneheart.studio\/pl\/wp-json\/wp\/v2\/media?parent=46813"}],"curies":[{"name":"wp","href":"https:\/\/api.w.org\/{rel}","templated":true}]}}